{"id":100,"date":"2012-02-26T21:26:42","date_gmt":"2012-02-26T20:26:42","guid":{"rendered":"http:\/\/localhost\/Wordpress\/?page_id=100"},"modified":"2012-03-28T15:55:55","modified_gmt":"2012-03-28T14:55:55","slug":"retouche-photo","status":"publish","type":"page","link":"https:\/\/pcserviceathome.org\/?page_id=100","title":{"rendered":"Retouche photo"},"content":{"rendered":"<h2>Gimp<img loading=\"lazy\" decoding=\"async\" id=\"rg_hi\" class=\"rg_hi alignright\" style=\"width: 264px; height: 191px;\" src=\"data:image\/jpeg;base64,\/9j\/4AAQSkZJRgABAQAAAQABAAD\/2wCEAAkGBhASDhUPEBQSDQ8PDw8PEA8PDxAQDQ8QFBAVFBUREhIXHCYeFxkkGRQUIS8gJScpLCwtFR4yNTAqNSYtLCkBCQoKDgwOGA8PGiofHB4sKS0sKSkpKSksKTUpKSopKSkpKSkpLCwpKSkpKSwsKSkpKSkpLCwpKSwpKSksKSwpKf\/AABEIAL8BCAMBIgACEQEDEQH\/xAAcAAEAAQUBAQAAAAAAAAAAAAAAAwIEBQYHAQj\/xABFEAACAgACBgcDCQUFCQAAAAABAgADBBEFBhIhMUEHE1FhcYGRFKGxIiMyQlJiksHRM0NygqIWU2Nz4RUkJTQ1RGR08P\/EABgBAQEBAQEAAAAAAAAAAAAAAAABAgME\/8QAHhEBAQEBAAICAwAAAAAAAAAAAAERAhIxEyEDQVH\/2gAMAwEAAhEDEQA\/AO4xEQEREBERARKGtAIBORYkL3kDPIeQJ8pXAREQEREBERAREQEREBERAREQEREBPCwzy5ngOZns0k6x9Zp+rDqfm66cVX3NZkrMfLZy\/lMluDdoiJQiIgIiICIiAiIgIiICIiBitZ6GbCOyEiyrK5GHENWdrd5ZjzlOren1xVO1uW1MhYnYftD7p\/0mWZQQQd4IyI7ROTpfZgsY2wcmqsZCD9F0z4N3EZGY6vjdak11mJY6H0vXiahZWe5lP0kb7J\/+3y+m2SIiAiIgIiICIiAiIgIiICIkeIxCojWOQiIpZmPAADMkwMPrdp32XDEqfnbM0qHMHLe\/kN\/jl2zlWpmK\/wCPUc8utTzNFhPxk2tOsZxWIa05rWua1qfq1jme88T\/AKTC6i3E6YwzfavP9SOPznLdrWZH0LEROrJERAREQEREBERAREQEREBOedIOj9jErcOFyZH+NNx\/pK+k6HMJrfozrsIwAzev51O0lQcx5rn7pnqbFntzvRGmLMNaLKz3Mh+i69h\/XlOoaH01Via+srO8bnQ\/TQ9hH585yGXOj9IWU2CypijD0I7GHMTjz1jdmuyRMDq\/rZViQEbKq\/LehO5+9Dz8OPxmeneXXMiIlCIiAiIgIiICInjMAMzuAGZJ3ADtMD2cr6QNcxcxwtDZ0IfnHB3WuOQPNQfU+AlevPSGLA2FwjfNnNbbx+8HNK\/u9p5+HHndl059dfqNSGOxHySPtbv1l1qL\/wBVwv8A7C\/AzDX2ZnwmwdHNO1pfDDssdvw0ufymYtfQkRE7MEREBERAREQEREBERAREQEREDlWtWh\/Z8SygZV2Z2V9mRO9fI7vDKYedW1n0IMThyo\/ap8uo\/ey3qT2EbvTsnKrFIJBBBBIIO4gjcQZ5++crpLqgtzG4jeDzE2jQev8AbVkmIBvr4bY\/bKO\/Pc\/nv75qrGRsZJbFzXaNGaZoxC7VLq\/avB1\/iU7xL2cIS5lYMpKMODKSrDwI4TYNHdImMq3OVxKj+8GT\/jX8wZ1nf9YvLq8TSsH0p4Y\/ta7aT2rs2J67j7pladfNHt+\/Ve50sT4jKb8omNgiYV9c8AP39fltH4CWmI6RNHrwsZ+5KrPzAjYY2WJoOO6W6F\/Y02WHtsZa1920ZqemOkvHXZqrjDIeVIybzsOZ9MpPKGOp6d1pwuEXO5wHyzFS\/KubwXkO85Cco1r6QL8XnWPmMP8A3SnNn\/zG5+HDx4zVbsSSSSSxJzJJJJPaSeMtXumL1auJ7LpbPbKC08mVJvXQ7gNvSRt5UUO2f3nIQe4v6TRZ3Dom1eOHwPXONmzFkWZHiKgMqwfHNm\/mE1z7St4iInVkiIgIiICIiAiIgJjNIazYKhti\/E4bDv8AZuxFVb\/hYgzjvS90uXde+jNHOaxWTXiMRWcrWs4NVU31QvAsN5IIGQG\/m2B1OutG22ZJ3k8SSeZPOB9a4HSVNy7dFld6cNqqxLF9VJEuZ8fvg8XgLBdh7LKLF+vWxRvA5cR3HdOydGHTauKZcFpDZqxTZLViAAtOIbkjjgjnlyPDccgQ65LXEYvI7K8eZ7PCTXvkpPdLCpYA7R4knzMxOldW6bsyRsWHf1i7mz7WHBvOZXH46qio22tsqN3AlmY8FVRvJ7prWG6R8C+IXDv1uGexgtbXoq1ux3BdsMQpPLPKSzRp+lNHPRaa34jeGH0WXkwkOCwFl1grrG0x8go7WPITdtesEGw4sy+VU48dljskeuzLvV7RAooAy+ccBrDz2vs+A4es5eH3jfl9MXgdQ6QM7ma1uYQ7FY\/M+6XlmpeCIy6sr3rbZn7yZnQJV1c6eMZ2ufab1CdFL4cm5RvNbAdbl90jc3huPjNOadwInPekLQgRxikGS2ts2gcBZlmG8wDn3jvmeuf3Flab1hHAylrjPGMiYzm08ewy3djJWMiYyohYGUkSRjImMo8iJvPR\/wBHTYwjE4gFMGDmo3h8QRyU8k7W58B2hJqPOjnUJsXYMTeuWDrbcD\/3Dg\/QH3AeJ8u3Lt4HKUUUKiBEAREAVVUAKqgZAADgJJOsmMkREoREQEREBERATCa66bOE0ZicUNz00O1fZ1pGzX\/WyzNzR+msH+z+Ky\/8fPw9qqzgfNWr4DYjNzmScyTvJJO8md51X9lWn5eWezu4cZ86U3FWDLuImwUa4XBdnf6wNv6QcXT8oLlz4TmC0nlMjisZZcc2PlK6MLA6X0Y64223V1Yp3a2tgA7uzdZWRs5kk\/SGYz7sj2zt1RnzBoupq7FsXcykEfp6bp3rVnWhLq1Ww7NuyMixyFgy3EH7XaJn1V9rXXLS6V6QoS39kKGsAPAsbCre5V9Zy3pU0nQ+fV5DM7gOU61rzqeukaFUOcPiKSWpuAzA2gNpHXmhyHeCAe481wfQvatwu0piafZqzmVpawvaB9TNlXZz7sz2ds0jomEx7W6LwJv324pdH7efFmIR2Y+IGf8ANNlnONM6wGy9HrGxVhyvU18MgpBzy5Z5AZcgBOiYe9XRbFOauoZT3EZiZl21bFygAGZ3ADMk8ABzmm6Vx2LxKNZRY+GoXPYFR2HYcmdxvzPZwm1aSqZ8NcifTei5E\/jatgvvInIcD0gBcN1eeW7Ig8QewzSJtXOkfE4fSCYLG2HEYfEOKkts33UWMclJfiyEkA58M8wd2R33XioHR9uf1erYdxFi\/qZ876QxD4zH1105l7Lq0TLjts4AnfOkjSITC9Vn8q+wbvuIdon12R5yX0scwYyJjK2MiYzi2pYyJjK2MiYwiljI5UxlMo2ro31bqxmO2LszVVWbmUbg5Dqqox7Dtb\/Cd8rrCgKoCqoACgAAAbgAOQnK+hPB\/wDM3n\/CpU+G07fFJ1MNOnPpmq4ngM9mkIiICIiAiIgIiICYPXfQ5xWi8VhgNp7cNYEHbYF2k\/qVZnIgfEK1y5qw83jpS1LOC0pZsrlh8UWxFBA+SNo52Vj+Fid3YyzX8LgoEGHwky+EwEusHo6Z7BaNy3mBa4HRkzlKbK7PZu\/P856qAbhPZz\/J6a5XNel71GS22KOwO2Q8JaYnEu5zdmc9rsWPvlLGRsZybUMZsmqmtQp+YuPzROaPx6sniD934fDWWMjYyy4jtFN4IDKQyneGUgqR3ETnuuXQ1hsZc2IotbA22sWtUJ1lFjneXC7QKsTvORIPZNewmlbqf2Vj1doViFPivAy5t1vxxGXXuP4Qin1ABnTzZ8WU1d1C0foX\/e77TisVssKyUCbOYyPU1Zk5kHLaJ3A8pruntNPirza+4fRRAcwiDgo+JPMmWl97MxZ2LseLMSzHxJkDGZvWrIoYyNjKbreQ4\/CGMgoYyNjKmMjYyikxEzmpmhvaMaisM6q\/nbewqp3L5tkPDOB1vUHRfs2j6q2GVlgN1naGs3gHwXZHlNmWyYyu6XNdk7ML9XlYaWqPJlaBNnPZQDKgYHsREBERAREQERBgYLXDVWrH4U0WfJcHbptyzaqwDce8HgRzB8Jw\/E6rXYa403LsOvmrryZDzU9v5z6KMsdJaMqvTYuQWAbxnuZT2qw3g+EDiuGwQUb5dTb9L6hlRtYZi3+HZlnl91hkPX1mq24ZkYq4KsOKsCCPETN6kWTUU8YypjI2M43rW5MUsZExlTGRsZlVDGRsZUxkbGVFDGRsZUxkZ38JRQxkR38JcNgGYcdnykLaCt5ZN4HI++S3FklPZclLdglqxlyuGZDk4KnsPOZHDoOz3THyY38e\/tgGMjM3bD4VDxVT4qpl\/XougjfVWfGtP0k+afxfiv8AXOp0\/ULRnU4brCMrL8nPaE+oPQk\/zSCrQWFLAGmvIkZ\/IA3Z7+E25baOShf4SQBO34uvL7cu+fH6XFVkvKnmPS2rkSPMGVX6Sqqra122a6kax2y4KqlifQTu5sxU0uEafK2tnSZjsZezC2zDUBj1VFVjVqq8i+yRtt2k+WQl5qt0oaVwxAF7Ymv+6xWdyZdgYnbXyYQPqNTJBOear9L+ExACYlTgrTuzJ28OT3Plmv8AMMu+dAptVlDKQysMwykFSO0EcYEsTwT2AiIgIiICDEQKDI2kpEoYQLZxMZpLRlVwysUN2Hg6+DcRMs6yCxIHPdN6q21jaoDYhd+aZoto8MyA00zGaYNbbFlVtTj6ti7Dehna7K5j8dgK7F2bEWxfsuoZfQzneI15ONNrCOSH8Q\/SRnThPBPVv9JvukujvCOc0DUH7jZp+Fs\/cRMFiNQrU+gy2j8Deh3e+ZvOLrADH2H6qj1MkXrDxOXgJkG0O6fTRl79kkeo3SSpK\/tL6iZqrOrBk8d\/jL2nAy5V6x9ZfxCetjax9dfUTI9TDgSuxwqljuAGZMs7dM1DgS57FB+JmGx+kWsO\/wCSo4KOHie0xghx+LNjljuHBR2KOEgTFOv0WI893pKT2cT2c5d4bQWIs4IVH2n+SPfv906Zqakw2slqcQrjvGR9RNl0PpzrRma2rA+vmChPYOBllgNUlXfYetbs4Vjy4mZtcLkMgMgOQ4SfDzfbU\/L1FV9x2fkbznI1xFvYZJ1RnmZE6ccTiZGOur1dqpMRd9lpaaxYbFX4K6hEbbtqKrw3nMHZ88svOXQxeUuaMfNsvnN6yGKsCrAlSpBDAg5EEcjMpgK51\/WTUTCY5ut34fEHjdWAQ\/8AmJ9bxzB7zNbXopxiH5DU3LyIc1t+Fhl74GHwFc3TVvTWIwx+ZsZFO81n5VTeKHd58ZFo\/o5x3Na17zcp+Gc2zRXR24y621V7q1LH1bL4QM7orpErbJcQhqP20zavxK8R75teFxaWoLK2FiNwZTmDMFo3VTCVZHY61h9a07fov0fdM+rQJIngM9gIiICIiAlJEqiBCyyJ0lyRKCsCyeuW9lMyLVyJqoGJsolrbhpm3pkD4eBgbMJLK\/Rat9JVbxUGbK2GkTYSBp9urdB\/dr5Zj4S2fVSj7J8nf9ZujYORnBSZBpX9kqPsn8b\/AKySvVegfu1Pjm3xM2\/2KPYoyDXqNEov0VVf4VA+EuVwEzQwUlXCSjCDAz32GZ5cJKxg4GunASJ9HTZ\/Yp4cBA1GzRciGispuB0f3Sk6O7oGt04UiZGhTMl\/s+VrgoEVJMvqmlCYaTpVAnreXKNLZEk6CBOplYMjWViBVERAREQEREBPMp7ECkrKSkkiBAa5Q1Uucp5swLQ0yg0S92J5sQLA4eUnDTIdXPOrgY\/2aPZpkOrjq4FiMNPRh5e9XPergWgolYplzsSrYgW4pnvUS42YygW\/s88OGl1EC0OHnns8u8o2YFp1E9FMutmNmBAK5WEkmUZQKQJUBPYgIiICIiAiIgIiICIiAiIgIiICIiAiIgIiICIiAiIgIiICIiAiIgIiICIiAiIgf\/\/Z\" alt=\"\" width=\"34\" height=\"25\" data-width=\"264\" data-height=\"191\" \/><\/h2>\n<p>Gimp est un logiciel de retouche gratuit. La prise en main est un peu compliqu\u00e9e mais le logiciel s&#8217;av\u00e8re tr\u00e8s puissant et est en mesure de concurrencer les logiciels de retouche payants. Les utilisateurs habitu\u00e9s \u00e0 la retouche photo retrouveront assez facilement les fonctions utiles.<br \/>\nLa richesse de ce logiciel open source est d&#8217;offrir un grand nombre de fonctionnalit\u00e9s suppl\u00e9mentaires (filtres et effets) avec les &#8220;greffons&#8221; d\u00e9velopp\u00e9s par toute la communaut\u00e9 de d\u00e9veloppeurs contribuant \u00e0 enrichir le logiciel. Vous trouverez de nombreuses infos utiles, l&#8217;aide en fran\u00e7ais, des didacticiels et des plugs-in (comme la prise en charge du RAW par exemple) sur le site de <a title=\"Gimp\" href=\"http:\/\/gimpfr.org\" target=\"_blank\">gimpfr.org<\/a>.<\/p>\n<p>Pour plus d&#8217;info, vous pouvez aussi lire ce comparatif tr\u00e8s bien r\u00e9lais\u00e9 par <a href=\"http:\/\/fotoforom.free.fr\/\">http:\/\/fotoforom.free.fr<\/a>\u00a0des 6 logiciels libres que sont Gimp, Picassa, iPhoto\u00a0Photofiltre, Faststone Imageviewer et XnView.<\/p>\n<p><a title=\"1\u00e8re partie\" href=\"http:\/\/fotoforom.free.fr\/index.php\/2010\/10\/02\/test-de-logiciels-gratuits-pour-retoucher-ses-photos-1ere-partie\/\" target=\"_blank\">1\u00e8re partie<\/a>:\u00a0Photofiltre, Faststone Imageviewer, XnView<\/p>\n<p><a title=\"2\u00e8me partie \" href=\"http:\/\/fotoforom.free.fr\/index.php\/2010\/10\/07\/test-de-logiciels-gratuits-pour-retoucher-ses-photos-2eme-partie\/\" target=\"_blank\">2\u00e8me partie<\/a>:\u00a0Picasa3, Iphoto, GIMP<\/p>\n","protected":false},"excerpt":{"rendered":"<p>Gimp Gimp est un logiciel de retouche gratuit. La prise en main est un peu compliqu\u00e9e mais le logiciel s&#8217;av\u00e8re tr\u00e8s puissant et est en mesure de concurrencer les logiciels de retouche payants. Les utilisateurs habitu\u00e9s \u00e0 la retouche photo &hellip; <a href=\"https:\/\/pcserviceathome.org\/?page_id=100\">Continue reading <span class=\"meta-nav\">&rarr;<\/span><\/a><\/p>\n","protected":false},"author":1,"featured_media":0,"parent":95,"menu_order":0,"comment_status":"open","ping_status":"open","template":"","meta":{"footnotes":""},"_links":{"self":[{"href":"https:\/\/pcserviceathome.org\/index.php?rest_route=\/wp\/v2\/pages\/100"}],"collection":[{"href":"https:\/\/pcserviceathome.org\/index.php?rest_route=\/wp\/v2\/pages"}],"about":[{"href":"https:\/\/pcserviceathome.org\/index.php?rest_route=\/wp\/v2\/types\/page"}],"author":[{"embeddable":true,"href":"https:\/\/pcserviceathome.org\/index.php?rest_route=\/wp\/v2\/users\/1"}],"replies":[{"embeddable":true,"href":"https:\/\/pcserviceathome.org\/index.php?rest_route=%2Fwp%2Fv2%2Fcomments&post=100"}],"version-history":[{"count":7,"href":"https:\/\/pcserviceathome.org\/index.php?rest_route=\/wp\/v2\/pages\/100\/revisions"}],"predecessor-version":[{"id":311,"href":"https:\/\/pcserviceathome.org\/index.php?rest_route=\/wp\/v2\/pages\/100\/revisions\/311"}],"up":[{"embeddable":true,"href":"https:\/\/pcserviceathome.org\/index.php?rest_route=\/wp\/v2\/pages\/95"}],"wp:attachment":[{"href":"https:\/\/pcserviceathome.org\/index.php?rest_route=%2Fwp%2Fv2%2Fmedia&parent=100"}],"curies":[{"name":"wp","href":"https:\/\/api.w.org\/{rel}","templated":true}]}}