{"id":102,"date":"2012-02-29T21:27:37","date_gmt":"2012-02-29T20:27:37","guid":{"rendered":"http:\/\/localhost\/Wordpress\/?page_id=102"},"modified":"2012-04-10T17:42:47","modified_gmt":"2012-04-10T16:42:47","slug":"anti-virus","status":"publish","type":"page","link":"https:\/\/pcserviceathome.org\/?page_id=102","title":{"rendered":"Les logiciels anti-virus gratuits"},"content":{"rendered":"<h1 style=\"text-align: left;\"><img loading=\"lazy\" decoding=\"async\" class=\"aligncenter\" src=\"http:\/\/asset0.cbsistatic.com\/cnwk.1d\/i\/tron\/download\/yoda\/avgPromoLogo.png\" alt=\"AVG Logo\" width=\"64\" height=\"64\" \/>Le meilleur !!!<\/h1>\n<p style=\"text-align: center;\"><a title=\"T\u00e9l\u00e9charger \u00e0 partir de CNET\" href=\"http:\/\/download.cnet.com\/AVG-Anti-Virus-Free-Edition-2012\/3000-2239_4-10320142.html\" target=\"_blank\">AVG<\/a>\u00a0est \u00e0 l&#8217;heure actuelle le meilleur anti-virus <span style=\"text-decoration: underline;\">gratuit<\/span> disponible dans le monde Windows.<\/p>\n<p>Je l&#8217;installe depuis maintenant de nombreuse ann\u00e9es sans avoir connu de d\u00e9faillance. Il a cependant un d\u00e9faut technique par rappot \u00e0 Avast: il occupe beaucoup de m\u00e9moire RAM, ce qui peut devenir probl\u00e9matique sur certains PC.\u00a0Les anti-virus repris ci-dessous sont gratuits et existent aussi sous forme payante.\u00a0La version gratuite est largement suffisante pour une utilisation priv\u00e9e. R\u00e9guli\u00e8rement, l&#8217;\u00e9diteur vous propose de passer \u00e0 des versions payantes: c&#8217;est \u00e0 ce moment-l\u00e0 qu&#8217;il faut \u00eatre attentif.<\/p>\n<p>Ci-dessous, une traduction rapide d&#8217;un test trouv\u00e9 sur PC Magazine (en anglais&#8230;) :\u00a0<a href=\"http:\/\/www.pcmag.com\/article2\/0,2817,2372369,00.asp\">http:\/\/www.pcmag.com\/article2\/0,2817,2372369,00.asp<\/a><\/p>\n<p><span style=\"color: #888888;\"><em><strong>Panda Cloud Anti-Virus Free 1.5<\/strong><\/em> (Free, 3.5 stars) Panda Cloud poss\u00e8de le plus haut niveau de d\u00e9tection des Malware, mais pose probl\u00e8me lors du nettoyage, abaissant la note g\u00e9n\u00e9rale.<\/span><br \/>\n<span style=\"color: #888888;\"><em><strong>AVG Anti-Virus Free 2012<\/strong><\/em> (Free, 4 stars) n&#8217;est certes pas le meilleur pour le nettoyage des Malwares, mais au niveau g\u00e9n\u00e9ral, il se trouve dans le top deux des antivirus gratuits. Il offre de bons r\u00e9sultats pour le blockage des Malware et ses bons r\u00e9sultats sont confirm\u00e9s par d&#8217;autres labos de test. AVG est le meilleur choix actuel<\/span><\/p>\n<p><span style=\"color: #888888;\"><em><strong>Avira Free Antivirus 2012<\/strong><\/em> (Free, 4 stars) est aussi g\u00e9nralement tr\u00e8s bien not\u00e9 par les labos de test mais a manqu\u00e9 le Rootkit Removal test, raison pour laquelle il se trouve derri\u00e8re l&#8217;AVG.<\/span><\/p>\n<p>A noter qu&#8217;Avast n&#8217;est pas repris dans ce test, mais il constitue aussi une bonne alternative \u00e0 Avira et Panda.<\/p>\n<p>Encore un autre test trouv\u00e9 sur Security Faqs (d\u00e9sol\u00e9, encore en anglais&#8230;)<\/p>\n<p><a href=\"http:\/\/www.security-faqs.com\/the-top-10-free-antivirus-programs-2012-my-reviews\">http:\/\/www.security-faqs.com\/the-top-10-free-antivirus-programs-2012-my-reviews<\/a><\/p>\n<p><span style=\"text-decoration: underline;\">Que faire quand on a oubli\u00e9 !! \u00a0d&#8217;installer un anti-virus et que l&#8217;on suspecte une attaque ?<\/span><\/p>\n<p>D&#8217;abord , il faut esp\u00e9rer avoir un acc\u00e8s internet. Ensuite, il suffit de trouver un scanner antivirus online tel celui-ci:\u00a0<a href=\"http:\/\/quickscan.bitdefender.com\" target=\"_blank\">quickscan.bitdefender.com<\/a>\u00a0Celui-ci va alors effectuer les t\u00e2ches d\u00e9volues \u00e0 un anti-virus traditionel et vous pr\u00e9senter un rapport en fin de test.<\/p>\n<p>J&#8217;en ai presque fini avec les anti-virus gratuit et je m&#8217;en voudrais de ne pas parler d&#8217;un nouvel acteur r\u00e9cent dans le monde de l&#8217;anti-virus\u00a0gratuit \u00e0 savoir bien sur Microsoft qui \u00e0 l&#8217;image de Office Starter est oblig\u00e9 de fournir des produits antivirus gratuits. Il en existe deux: Windows Defender.<\/p>\n<ul>\n<li><a title=\"Plus d'information \u00e0 propos de Windows Defender sur le site de Clubic (produit gratuit)\" href=\"http:\/\/www.clubic.com\/telecharger-fiche13691-windows-defender.html\" target=\"_blank\">Windows Defender<\/a> qui est un logiciel anti-espion uniquement. Excellente solution\u00a0si vous avez un logiciel anti-virus install\u00e9, il fonctionnera en parfaite combinaison.<\/li>\n<\/ul>\n<ul>\n<li><a title=\"article sur le site de Clubic \u00e0 propos de MS Security Essentials\" href=\"http:\/\/www.clubic.com\/antivirus-securite-informatique\/logiciel-antivirus\/antivirus-gratuit\/article-470350-1-microsoft-security-essentials-2.html\" target=\"_blank\">Microsoft Security Essentials<\/a> est \u00e0 la fois un anti-virus et un\u00a0anti-espion.<\/li>\n<\/ul>\n<h3><span style=\"text-decoration: underline;\">Si les antivirus gratuit sont si bons, faut-il vraiment oublier les anti-virus payants ?<\/span><\/h3>\n<p>Sous la pression du Freeware, les \u00e9diteurs de versions payantes tels Kaspersky, Norton, Bit Defender offrent de plus en plus des versions familiales \u00a0\u00e0 bon prix. Souvent l&#8217;offre\u00a0inclut trois licences et est parfois valable pendant 2 ou 3 ans. Il ne faut donc pas exclure les anti-virus payants si vous avez pu trouver la bonne offre.<\/p>\n<address>\u00a0<\/address>\n<address>D\u00e9finitions:<\/address>\n<ul>\n<li>Un rootkit (en fran\u00e7ais : \u00ab outil de dissimulation d&#8217;activit\u00e9 \u00bb)<\/li>\n<li>Un \u00a0malware ou\u00a0logiciel malveillant est un logiciel d\u00e9velopp\u00e9 dans le but de nuire \u00e0 un syst\u00e8me informatique.<\/li>\n<\/ul>\n","protected":false},"excerpt":{"rendered":"<p>Le meilleur !!! AVG\u00a0est \u00e0 l&#8217;heure actuelle le meilleur anti-virus gratuit disponible dans le monde Windows. Je l&#8217;installe depuis maintenant de nombreuse ann\u00e9es sans avoir connu de d\u00e9faillance. Il a cependant un d\u00e9faut technique par rappot \u00e0 Avast: il occupe &hellip; <a href=\"https:\/\/pcserviceathome.org\/?page_id=102\">Continue reading <span class=\"meta-nav\">&rarr;<\/span><\/a><\/p>\n","protected":false},"author":1,"featured_media":0,"parent":95,"menu_order":0,"comment_status":"open","ping_status":"open","template":"","meta":{"footnotes":""},"_links":{"self":[{"href":"https:\/\/pcserviceathome.org\/index.php?rest_route=\/wp\/v2\/pages\/102"}],"collection":[{"href":"https:\/\/pcserviceathome.org\/index.php?rest_route=\/wp\/v2\/pages"}],"about":[{"href":"https:\/\/pcserviceathome.org\/index.php?rest_route=\/wp\/v2\/types\/page"}],"author":[{"embeddable":true,"href":"https:\/\/pcserviceathome.org\/index.php?rest_route=\/wp\/v2\/users\/1"}],"replies":[{"embeddable":true,"href":"https:\/\/pcserviceathome.org\/index.php?rest_route=%2Fwp%2Fv2%2Fcomments&post=102"}],"version-history":[{"count":10,"href":"https:\/\/pcserviceathome.org\/index.php?rest_route=\/wp\/v2\/pages\/102\/revisions"}],"predecessor-version":[{"id":421,"href":"https:\/\/pcserviceathome.org\/index.php?rest_route=\/wp\/v2\/pages\/102\/revisions\/421"}],"up":[{"embeddable":true,"href":"https:\/\/pcserviceathome.org\/index.php?rest_route=\/wp\/v2\/pages\/95"}],"wp:attachment":[{"href":"https:\/\/pcserviceathome.org\/index.php?rest_route=%2Fwp%2Fv2%2Fmedia&parent=102"}],"curies":[{"name":"wp","href":"https:\/\/api.w.org\/{rel}","templated":true}]}}