{"id":108,"date":"2012-02-26T21:43:46","date_gmt":"2012-02-26T20:43:46","guid":{"rendered":"http:\/\/localhost\/Wordpress\/?page_id=108"},"modified":"2012-05-04T10:09:42","modified_gmt":"2012-05-04T09:09:42","slug":"tutoriel","status":"publish","type":"page","link":"https:\/\/pcserviceathome.org\/?page_id=108","title":{"rendered":"Tutoriel"},"content":{"rendered":"<p>Ces deux\u00a0tutoriaux\u00a0viennent d&#8217;un site\u00a0extr\u00eamement\u00a0bien fait et permettent une bonne initiation de base \u00e0 l&#8217;informatique et \u00e0 Windows 7. Les gens ne se prennent pas au s\u00e9rieux mais donnent vraiment une information de qualit\u00e9:\u00a0Le site en question\u00a0s\u2019appelle\u00a0le <a title=\"Le site du Z\u00e9ro\" href=\"http:\/\/www.siteduzero.com\/\" target=\"_blank\">Site du Z\u00e9ro<\/a><\/p>\n<p><a title=\"Aller vers le site du Z\u00e9ro\" href=\"http:\/\/www.siteduzero.com\/\" target=\"_blank\"><img loading=\"lazy\" decoding=\"async\" class=\"aligncenter\" title=\"logo_sdz_fr\" src=\"http:\/\/pcserviceathome.org\/wp-content\/uploads\/2012\/02\/logo_sdz_fr.png\" alt=\"\" width=\"200\" height=\"77\" \/><\/a><\/p>\n<ul>\n<li><a title=\"Windows 7, c'est quoi au juste ?\" href=\"http:\/\/www.siteduzero.com\/tutoriel-3-376203-windows-c-est-quoi-au-juste.html\" target=\"_blank\">Windows 7, c&#8217;est quoi au juste ?<\/a><\/li>\n<li><a title=\"D\u00e9buter en informatique avec Windows 7\" href=\"http:\/\/www.siteduzero.com\/tutoriel-3-376218-debuter-en-informatique-avec-windows-7.html\" target=\"_blank\">D\u00e9buter en informatique avec Windows 7<\/a><\/li>\n<\/ul>\n<p>Le cours complet est t\u00e9l\u00e9chargeable sous format PDF <a title=\"T\u00e9l\u00e9charger le tutoriel Windows 7 sous format PDF\" href=\"http:\/\/www.siteduzero.com\/tuto_pdf.php?vrsid=376218\" target=\"_blank\">\u00e0 cette adresse<\/a>. Ce fichier, gros de 21 Mb, fait plus de 350 pages !\u00a0le t\u00e9l\u00e9chargement commence directement.<\/p>\n<p>En plus de cela le site du Z\u00e9ro propose une kyrielle de cours dont voici la liste \u00e0 ce jour:<\/p>\n<p>Tous les cours par cat\u00e9gories<\/p>\n<ul>\n<li>Site Web (206 Cours)\u00a0HTML \/ CSS, PHP, Divers, Forums, H\u00e9bergement, Javascript, Serveur, IDE<\/li>\n<li>Syst\u00e8mes d&#8217;exploitation (83 Cours)\u00a0Linux, Mac OS, Windows, Autres UNIX<\/li>\n<li>Mapping (34 Cours)\u00a0Half-Life, Half-Life\u00b2, Warcraft, Autres<\/li>\n<li>Bureautique (26 Cours)\u00a0Microsoft Office, OpenOffice.org, Divers, LaTeX<\/li>\n<li>Jeux Vid\u00e9o (19 Cours)\u00a0HL &amp; ses mods, Autres jeux<\/li>\n<li>Mat\u00e9riel (7 Cours)\u00a0G\u00e9n\u00e9ral<\/li>\n<li>Programmation (260 Cours)\u00a0AS \/ Flash \/ Flex, Algorithmique, Basic et d\u00e9riv\u00e9s, Biblioth\u00e8ques, C, C++, C# \/ .NET, Calculatrices, IDE, Erlang, G\u00e9n\u00e9ral, Java, mIRC, Python, Caml \/ OCaml, Cocoa \/ Objective-C, Autres langages<\/li>\n<li>Graphisme (29 Cours)\u00a0Dessin, Divers, Flash, Gimp, Dessin vectoriel, PhotoFiltre, Photoshop, POV-Ray<\/li>\n<li>Infographie 3D (17 Cours)\u00a03D Studio Max, Blender, Maya, CAO<\/li>\n<li>Multim\u00e9dia (19 Cours)\u00a0Audio, Vid\u00e9o, After Effects<\/li>\n<li>R\u00e9seaux (16 Cours)\u00a0G\u00e9n\u00e9ral, S\u00e9curit\u00e9<\/li>\n<\/ul>\n","protected":false},"excerpt":{"rendered":"<p>Ces deux\u00a0tutoriaux\u00a0viennent d&#8217;un site\u00a0extr\u00eamement\u00a0bien fait et permettent une bonne initiation de base \u00e0 l&#8217;informatique et \u00e0 Windows 7. Les gens ne se prennent pas au s\u00e9rieux mais donnent vraiment une information de qualit\u00e9:\u00a0Le site en question\u00a0s\u2019appelle\u00a0le Site du Z\u00e9ro Windows &hellip; <a href=\"https:\/\/pcserviceathome.org\/?page_id=108\">Continue reading <span class=\"meta-nav\">&rarr;<\/span><\/a><\/p>\n","protected":false},"author":1,"featured_media":0,"parent":0,"menu_order":0,"comment_status":"open","ping_status":"open","template":"","meta":{"footnotes":""},"_links":{"self":[{"href":"https:\/\/pcserviceathome.org\/index.php?rest_route=\/wp\/v2\/pages\/108"}],"collection":[{"href":"https:\/\/pcserviceathome.org\/index.php?rest_route=\/wp\/v2\/pages"}],"about":[{"href":"https:\/\/pcserviceathome.org\/index.php?rest_route=\/wp\/v2\/types\/page"}],"author":[{"embeddable":true,"href":"https:\/\/pcserviceathome.org\/index.php?rest_route=\/wp\/v2\/users\/1"}],"replies":[{"embeddable":true,"href":"https:\/\/pcserviceathome.org\/index.php?rest_route=%2Fwp%2Fv2%2Fcomments&post=108"}],"version-history":[{"count":8,"href":"https:\/\/pcserviceathome.org\/index.php?rest_route=\/wp\/v2\/pages\/108\/revisions"}],"predecessor-version":[{"id":435,"href":"https:\/\/pcserviceathome.org\/index.php?rest_route=\/wp\/v2\/pages\/108\/revisions\/435"}],"wp:attachment":[{"href":"https:\/\/pcserviceathome.org\/index.php?rest_route=%2Fwp%2Fv2%2Fmedia&parent=108"}],"curies":[{"name":"wp","href":"https:\/\/api.w.org\/{rel}","templated":true}]}}