{"id":143,"date":"2012-02-29T16:52:45","date_gmt":"2012-02-29T15:52:45","guid":{"rendered":"http:\/\/localhost\/Wordpress\/?page_id=143"},"modified":"2023-02-14T23:47:27","modified_gmt":"2023-02-14T22:47:27","slug":"contact","status":"publish","type":"page","link":"https:\/\/pcserviceathome.org\/?page_id=143","title":{"rendered":"Qui suis-je ?"},"content":{"rendered":"<ul>\n<li>Fran\u00e7ois\u00a0Tournay<\/li>\n<li>GSM +32 475 60 13 63<\/li>\n<li>Email: ftournay <span style=\"color: #ff0000;\">@<\/span>\u00a0gmail <span style=\"color: #ff0000;\">.<\/span>\u00a0com<\/li>\n<li>Skype name: nicola_francois<\/li>\n<li>Avenue des Cam\u00e9lias, 25 &#8211; 1150 Bruxelles.<\/li>\n<\/ul>\n<div>\n<h6><img loading=\"lazy\" decoding=\"async\" class=\"alignleft\" title=\"Avec votre smartphone, scanner ce code et lisez le avec ZXING barcode scanner\" src=\"http:\/\/pcserviceathome.org\/wp-content\/uploads\/2012\/02\/mon-QRcode.png\" alt=\"\" width=\"227\" height=\"227\" \/>Ce code QR contient mes coordonn\u00e9es. Si un logiciel gratuit tel ZXING Barcode Scanner (pour Android)\u00a0est d\u00e9j\u00e0 install\u00e9\u00a0sur votre smartphone.\u00a0En photographiant ce barcode, vous retrouverez directement mes coordonn\u00e9es dans le carnet d&#8217;adresse de votre smartphone.<\/h6>\n<\/div>\n<p>\u00a0<\/p>\n<p>\u00a0<\/p>\n\n\n<figure class=\"wp-block-image size-large\"><img loading=\"lazy\" decoding=\"async\" width=\"1024\" height=\"218\" src=\"http:\/\/pcserviceathome.org\/wp-content\/uploads\/2023\/02\/filemaker-logo-1379165258-3.png\" alt=\"\" class=\"wp-image-1089\" srcset=\"https:\/\/pcserviceathome.org\/wp-content\/uploads\/2023\/02\/filemaker-logo-1379165258-3.png 1024w, https:\/\/pcserviceathome.org\/wp-content\/uploads\/2023\/02\/filemaker-logo-1379165258-3-300x64.png 300w, https:\/\/pcserviceathome.org\/wp-content\/uploads\/2023\/02\/filemaker-logo-1379165258-3-768x164.png 768w, https:\/\/pcserviceathome.org\/wp-content\/uploads\/2023\/02\/filemaker-logo-1379165258-3-500x106.png 500w\" sizes=\"(max-width: 1024px) 100vw, 1024px\" \/><\/figure>\n\n\n\n<p>En plus de cette activit\u00e9 de support informatique, je g\u00e8re aussi des bases de donn\u00e9es Filemaker. Ce produit vient de Apple et de sa filiale Claris. Il existe depuis presque 30 et se distingue par sa facilit\u00e9 d\u2019utilisation, sa puissance et sa versatilit\u00e9. Si vous utilisez vous-m\u00eame Filemaker, je peux vous aider dans l\u2019architecture du syst\u00e8me afin de mieux g\u00e9rer les interactions entre deux tables et d\u2019\u00e9viter les \u00e9cueils? Je d\u00e9veloppe des syst\u00e8mes sous Filemaker depuis maintenant plus de 25 ans et j\u2019ai de l\u2019exp\u00e9rience dans les grandes entreprises telle Ricoh, aussi des PME de la r\u00e9gion bruxelloise et je g\u00e8re (avec bonheur) ma facturation (in\/out), mes contacts clients avec Filemaker<\/p>\n","protected":false},"excerpt":{"rendered":"<p>Fran\u00e7ois\u00a0Tournay GSM +32 475 60 13 63 Email: ftournay @\u00a0gmail .\u00a0com Skype name: nicola_francois Avenue des Cam\u00e9lias, 25 &#8211; 1150 Bruxelles. Ce code QR contient mes coordonn\u00e9es. Si un logiciel gratuit tel ZXING Barcode Scanner (pour Android)\u00a0est d\u00e9j\u00e0 install\u00e9\u00a0sur votre &hellip; <a href=\"https:\/\/pcserviceathome.org\/?page_id=143\">Continue reading <span class=\"meta-nav\">&rarr;<\/span><\/a><\/p>\n","protected":false},"author":1,"featured_media":0,"parent":0,"menu_order":0,"comment_status":"closed","ping_status":"open","template":"","meta":{"footnotes":""},"_links":{"self":[{"href":"https:\/\/pcserviceathome.org\/index.php?rest_route=\/wp\/v2\/pages\/143"}],"collection":[{"href":"https:\/\/pcserviceathome.org\/index.php?rest_route=\/wp\/v2\/pages"}],"about":[{"href":"https:\/\/pcserviceathome.org\/index.php?rest_route=\/wp\/v2\/types\/page"}],"author":[{"embeddable":true,"href":"https:\/\/pcserviceathome.org\/index.php?rest_route=\/wp\/v2\/users\/1"}],"replies":[{"embeddable":true,"href":"https:\/\/pcserviceathome.org\/index.php?rest_route=%2Fwp%2Fv2%2Fcomments&post=143"}],"version-history":[{"count":39,"href":"https:\/\/pcserviceathome.org\/index.php?rest_route=\/wp\/v2\/pages\/143\/revisions"}],"predecessor-version":[{"id":1091,"href":"https:\/\/pcserviceathome.org\/index.php?rest_route=\/wp\/v2\/pages\/143\/revisions\/1091"}],"wp:attachment":[{"href":"https:\/\/pcserviceathome.org\/index.php?rest_route=%2Fwp%2Fv2%2Fmedia&parent=143"}],"curies":[{"name":"wp","href":"https:\/\/api.w.org\/{rel}","templated":true}]}}