{"id":323,"date":"2012-03-30T12:53:31","date_gmt":"2012-03-30T11:53:31","guid":{"rendered":"http:\/\/pcserviceathome.org\/?page_id=323"},"modified":"2012-07-04T21:15:34","modified_gmt":"2012-07-04T20:15:34","slug":"le-reseau-fon-de-belgacom","status":"publish","type":"page","link":"https:\/\/pcserviceathome.org\/?page_id=323","title":{"rendered":"Le r\u00e9seau FON de Belgacom"},"content":{"rendered":"<p>Ce nouveau r\u00e9seau de Belgacom tire parti de toutes les bornes Wi-Fi install\u00e9e chez les clients (Belgacom, cela va de soi).<\/p>\n<p><span style=\"text-decoration: underline;\">Comment cela fonctionne ?<\/span>\u00a0Avec la permission de l&#8217;abonn\u00e9, Belgacom reprogramme la BBOX et cr\u00e9e \u00e0 c\u00f4t\u00e9 du canal priv\u00e9 un second canal. Ce canal est public et sera accessible \u00e0 tous les abonn\u00e9s Belgacom qui se trouvent \u00e0 proximit\u00e9 de la BBOX reprogramm\u00e9e.<\/p>\n<p><span style=\"text-decoration: underline;\">En pratique,<\/span>\u00a0cela signifie qu&#8217;\u00e0 terme 500.000 hotspots suppl\u00e9mentaires devraient \u00eatre accessibles dans les prochains mois\/ann\u00e9es. Cela permettra donc \u00e0 l&#8217;abonn\u00e9 internet de Belgacom ayant souscrit au programme FON de se connecter \u00e0 internet n&#8217;importe o\u00f9 en Belgique pour peu qu&#8217;il soit \u00e0 port\u00e9e d&#8217;un borne Wi-FI de Belgacom. Derri\u00e8re <a title=\"Carte des Hotspots Fon de Belgacom\" href=\"http:\/\/support.fr.belgacom.be\/app\/answers\/detail\/a_id\/15444\/~\/carte-des-hotspots-fon-en-belgique-et-%E3%A0-l'%E3%A9tranger\" target=\"_blank\">ce lien<\/a>, la carte des Hots Spots Fon dans le monde.<\/p>\n<p><span style=\"text-decoration: underline;\">Avantage:<\/span>\u00a0en dehors de son domicile\/lieu de travail,\u00a0celui qui ne dispose pas d&#8217;un acc\u00e8s FON, doit se connecter en mode &#8220;Data&#8221;. Pour cela, il faut que la formule d&#8217;abonnement GSM le permette et c&#8217;est de toute fa\u00e7on plus cher \u00e0 l&#8217;utilisation et plus lent en terme de connexion. De plus certaine tablette\/notebook ne dispose pas d&#8217;un modem &#8220;Data&#8221; et donc se connecter en Wi-Fi est pour eux le seul moyen de surfer sur Internet.<\/p>\n<p><span style=\"text-decoration: underline;\">Obtenir un login (identifiant) et un mot de passe<\/span><\/p>\n<p>Quelques petites \u00e9tapes sont n\u00e9cessaires pour surfer gratuitement. En suivant <a title=\"Cr\u00e9er un identifiant acc\u00e9der aux hotspots Belgacom Fon\" href=\"http:\/\/pcserviceathome.org\/?page_id=339\">ce lien<\/a> vous devriez pouvoir cr\u00e9er le fameux s\u00e9same qui vous permettra de surfer \u00e0 partir de tout hotspot Belgacom Fon<\/p>\n<p>&nbsp;<\/p>\n","protected":false},"excerpt":{"rendered":"<p>Ce nouveau r\u00e9seau de Belgacom tire parti de toutes les bornes Wi-Fi install\u00e9e chez les clients (Belgacom, cela va de soi). Comment cela fonctionne ?\u00a0Avec la permission de l&#8217;abonn\u00e9, Belgacom reprogramme la BBOX et cr\u00e9e \u00e0 c\u00f4t\u00e9 du canal priv\u00e9 &hellip; <a href=\"https:\/\/pcserviceathome.org\/?page_id=323\">Continue reading <span class=\"meta-nav\">&rarr;<\/span><\/a><\/p>\n","protected":false},"author":1,"featured_media":0,"parent":6,"menu_order":0,"comment_status":"closed","ping_status":"closed","template":"","meta":{"footnotes":""},"_links":{"self":[{"href":"https:\/\/pcserviceathome.org\/index.php?rest_route=\/wp\/v2\/pages\/323"}],"collection":[{"href":"https:\/\/pcserviceathome.org\/index.php?rest_route=\/wp\/v2\/pages"}],"about":[{"href":"https:\/\/pcserviceathome.org\/index.php?rest_route=\/wp\/v2\/types\/page"}],"author":[{"embeddable":true,"href":"https:\/\/pcserviceathome.org\/index.php?rest_route=\/wp\/v2\/users\/1"}],"replies":[{"embeddable":true,"href":"https:\/\/pcserviceathome.org\/index.php?rest_route=%2Fwp%2Fv2%2Fcomments&post=323"}],"version-history":[{"count":7,"href":"https:\/\/pcserviceathome.org\/index.php?rest_route=\/wp\/v2\/pages\/323\/revisions"}],"predecessor-version":[{"id":518,"href":"https:\/\/pcserviceathome.org\/index.php?rest_route=\/wp\/v2\/pages\/323\/revisions\/518"}],"up":[{"embeddable":true,"href":"https:\/\/pcserviceathome.org\/index.php?rest_route=\/wp\/v2\/pages\/6"}],"wp:attachment":[{"href":"https:\/\/pcserviceathome.org\/index.php?rest_route=%2Fwp%2Fv2%2Fmedia&parent=323"}],"curies":[{"name":"wp","href":"https:\/\/api.w.org\/{rel}","templated":true}]}}