{"id":339,"date":"2012-04-02T08:19:39","date_gmt":"2012-04-02T07:19:39","guid":{"rendered":"http:\/\/pcserviceathome.org\/?page_id=339"},"modified":"2012-05-04T10:08:30","modified_gmt":"2012-05-04T09:08:30","slug":"creer-un-identifiant-acceder-aux-hotspots-belgacom-fon","status":"publish","type":"page","link":"https:\/\/pcserviceathome.org\/?page_id=339","title":{"rendered":"Cr\u00e9er un identifiant"},"content":{"rendered":"<p>&nbsp;<\/p>\n<p>PAGE EN CONSTRUCTION &#8211; MERCI DE VOTRE PATIENCE<\/p>\n<p>&nbsp;<\/p>\n<p>&nbsp;<\/p>\n<p>Si vous ne poss\u00e9dez pas encore de e-Service chez Belgacom, c&#8217;est la premi\u00e8re \u00e9tape \u00e0 suivre:\u00a0<a href=\"http:\/\/www.belgacom.be\/onetelco\/be-fr\/zonewelcomepage\/zwp_res_products_and_services.page?#\">http:\/\/www.belgacom.be\/onetelco\/be-fr\/zonewelcomepage\/zwp_res_products_and_services.page?#<\/a><\/p>\n<p><a href=\"http:\/\/pcserviceathome.org\/wp-content\/uploads\/2012\/04\/Sinscrire-au-eServices-de-Belgacom.jpg\"><img loading=\"lazy\" decoding=\"async\" class=\"alignright size-full wp-image-341\" title=\"S'inscrire au  eServices de Belgacom\" src=\"http:\/\/pcserviceathome.org\/wp-content\/uploads\/2012\/04\/Sinscrire-au-eServices-de-Belgacom.jpg\" alt=\"\" width=\"266\" height=\"306\" srcset=\"https:\/\/pcserviceathome.org\/wp-content\/uploads\/2012\/04\/Sinscrire-au-eServices-de-Belgacom.jpg 266w, https:\/\/pcserviceathome.org\/wp-content\/uploads\/2012\/04\/Sinscrire-au-eServices-de-Belgacom-260x300.jpg 260w\" sizes=\"(max-width: 266px) 100vw, 266px\" \/><\/a><\/p>\n<p>&nbsp;<\/p>\n<p>Sur le site de Belgacom, cliquez sur le bouton &#8220;S&#8217;inscrire aux e-Services&#8221;<\/p>\n<p>&nbsp;<\/p>\n<p>&nbsp;<\/p>\n<p>&nbsp;<\/p>\n<p>&nbsp;<\/p>\n<p>&nbsp;<\/p>\n<p>Lorsque vous \u00eates inscrit et que vous vous \u00eates identifi\u00e9s sur le site de Belg<\/p>\n<p>&nbsp;<\/p>\n<p>&nbsp;<\/p>\n<p>&nbsp;<\/p>\n<p>&nbsp;<\/p>\n","protected":false},"excerpt":{"rendered":"<p>&nbsp; PAGE EN CONSTRUCTION &#8211; MERCI DE VOTRE PATIENCE &nbsp; &nbsp; Si vous ne poss\u00e9dez pas encore de e-Service chez Belgacom, c&#8217;est la premi\u00e8re \u00e9tape \u00e0 suivre:\u00a0http:\/\/www.belgacom.be\/onetelco\/be-fr\/zonewelcomepage\/zwp_res_products_and_services.page?# &nbsp; Sur le site de Belgacom, cliquez sur le bouton &#8220;S&#8217;inscrire aux e-Services&#8221; &hellip; <a href=\"https:\/\/pcserviceathome.org\/?page_id=339\">Continue reading <span class=\"meta-nav\">&rarr;<\/span><\/a><\/p>\n","protected":false},"author":1,"featured_media":0,"parent":0,"menu_order":0,"comment_status":"closed","ping_status":"closed","template":"","meta":{"footnotes":""},"_links":{"self":[{"href":"https:\/\/pcserviceathome.org\/index.php?rest_route=\/wp\/v2\/pages\/339"}],"collection":[{"href":"https:\/\/pcserviceathome.org\/index.php?rest_route=\/wp\/v2\/pages"}],"about":[{"href":"https:\/\/pcserviceathome.org\/index.php?rest_route=\/wp\/v2\/types\/page"}],"author":[{"embeddable":true,"href":"https:\/\/pcserviceathome.org\/index.php?rest_route=\/wp\/v2\/users\/1"}],"replies":[{"embeddable":true,"href":"https:\/\/pcserviceathome.org\/index.php?rest_route=%2Fwp%2Fv2%2Fcomments&post=339"}],"version-history":[{"count":7,"href":"https:\/\/pcserviceathome.org\/index.php?rest_route=\/wp\/v2\/pages\/339\/revisions"}],"predecessor-version":[{"id":345,"href":"https:\/\/pcserviceathome.org\/index.php?rest_route=\/wp\/v2\/pages\/339\/revisions\/345"}],"wp:attachment":[{"href":"https:\/\/pcserviceathome.org\/index.php?rest_route=%2Fwp%2Fv2%2Fmedia&parent=339"}],"curies":[{"name":"wp","href":"https:\/\/api.w.org\/{rel}","templated":true}]}}