{"id":350,"date":"2012-04-02T18:00:04","date_gmt":"2012-04-02T17:00:04","guid":{"rendered":"http:\/\/pcserviceathome.org\/?page_id=350"},"modified":"2012-04-02T19:37:19","modified_gmt":"2012-04-02T18:37:19","slug":"lecteurediteur-fichiers-pdf","status":"publish","type":"page","link":"https:\/\/pcserviceathome.org\/?page_id=350","title":{"rendered":"Lecteur\/Editeur fichiers PDF &#8211; Foxit Reader"},"content":{"rendered":"<p><img loading=\"lazy\" decoding=\"async\" class=\"alignright size-full wp-image-352\" title=\"foxitreader\" src=\"http:\/\/pcserviceathome.org\/wp-content\/uploads\/2012\/04\/foxitreader.png\" alt=\"\" width=\"256\" height=\"256\" srcset=\"https:\/\/pcserviceathome.org\/wp-content\/uploads\/2012\/04\/foxitreader.png 256w, https:\/\/pcserviceathome.org\/wp-content\/uploads\/2012\/04\/foxitreader-150x150.png 150w\" sizes=\"(max-width: 256px) 100vw, 256px\" \/>L&#8217;habitude veut que l&#8217;on utilise les produits de la firme Adobe qui est \u00e0 l&#8217;origine du format PDF (Portable Document Format: cela signifie que ce format de document est lisible quelle que soit le syst\u00e8me d&#8217;exploitation \u00e0 partir duquel le document est ouvert).<\/p>\n<p>H\u00e9las le &#8220;Reader&#8221; fourni par Adobe est d&#8217;une lenteur d\u00e9sesp\u00e9rante, raison pour laquelle je vous recommande d&#8217;installer plut\u00f4t Foxit (gratuit bien s\u00fbr !!). Vous pouvez le t\u00e9l\u00e9charger <a title=\"T\u00e9l\u00e9charger Foxit PDF Reader\" href=\"http:\/\/www.foxitsoftware.com\/Secure_PDF_Reader\/\" target=\"_blank\">ici<\/a>. Cette application est multilingue. Autre atout: Foxit permets de modifier et d&#8217;annoter le fichier PDF. Bien pratique. Les derni\u00e8res versions d&#8217;Abode Reader le permettent aussi, mais les\u00a0fonctionnalit\u00e9s\u00a0d&#8217;ajout sont moins nombreuses qu&#8217;avec Foxit.<\/p>\n","protected":false},"excerpt":{"rendered":"<p>L&#8217;habitude veut que l&#8217;on utilise les produits de la firme Adobe qui est \u00e0 l&#8217;origine du format PDF (Portable Document Format: cela signifie que ce format de document est lisible quelle que soit le syst\u00e8me d&#8217;exploitation \u00e0 partir duquel le &hellip; <a href=\"https:\/\/pcserviceathome.org\/?page_id=350\">Continue reading <span class=\"meta-nav\">&rarr;<\/span><\/a><\/p>\n","protected":false},"author":1,"featured_media":0,"parent":95,"menu_order":0,"comment_status":"closed","ping_status":"closed","template":"","meta":{"footnotes":""},"_links":{"self":[{"href":"https:\/\/pcserviceathome.org\/index.php?rest_route=\/wp\/v2\/pages\/350"}],"collection":[{"href":"https:\/\/pcserviceathome.org\/index.php?rest_route=\/wp\/v2\/pages"}],"about":[{"href":"https:\/\/pcserviceathome.org\/index.php?rest_route=\/wp\/v2\/types\/page"}],"author":[{"embeddable":true,"href":"https:\/\/pcserviceathome.org\/index.php?rest_route=\/wp\/v2\/users\/1"}],"replies":[{"embeddable":true,"href":"https:\/\/pcserviceathome.org\/index.php?rest_route=%2Fwp%2Fv2%2Fcomments&post=350"}],"version-history":[{"count":8,"href":"https:\/\/pcserviceathome.org\/index.php?rest_route=\/wp\/v2\/pages\/350\/revisions"}],"predecessor-version":[{"id":361,"href":"https:\/\/pcserviceathome.org\/index.php?rest_route=\/wp\/v2\/pages\/350\/revisions\/361"}],"up":[{"embeddable":true,"href":"https:\/\/pcserviceathome.org\/index.php?rest_route=\/wp\/v2\/pages\/95"}],"wp:attachment":[{"href":"https:\/\/pcserviceathome.org\/index.php?rest_route=%2Fwp%2Fv2%2Fmedia&parent=350"}],"curies":[{"name":"wp","href":"https:\/\/api.w.org\/{rel}","templated":true}]}}