{"id":41,"date":"2012-02-26T16:10:54","date_gmt":"2012-02-26T15:10:54","guid":{"rendered":"http:\/\/localhost\/Wordpress\/?page_id=41"},"modified":"2012-03-28T21:52:57","modified_gmt":"2012-03-28T20:52:57","slug":"laptop-ou-desktop","status":"publish","type":"page","link":"https:\/\/pcserviceathome.org\/?page_id=41","title":{"rendered":"Laptop ou Desktop ?"},"content":{"rendered":"<p>Chaque syst\u00e8me offre des avantages: le laptop est bien sur plus compact et s&#8217;emm\u00e8ne partout. Il est de nos jours presque aussi puissant qu&#8217;un PC de bureau.<\/p>\n<p>Le PC de bureau offre encore des avantages surtout au niveau des upgrades et des r\u00e9parations. De plus, des composants standards sont utilis\u00e9s, les rendant moins cher et plus facile \u00e0 trouver.<\/p>\n<p>Il vaut mieux s&#8217;en souvenir lorsque vous signerez votre bon de commande. Ces deux sites respectivement en fran\u00e7ais et en anglais vont vous aider \u00e0 trouver l&#8217;ordinateur qui vous convient:<\/p>\n<ul>\n<li><a href=\"http:\/\/www.configspc.com\/choix-portable.html\" target=\"_blank\">http:\/\/www.configspc.com\/choix-portable.html<\/a><\/li>\n<li><a href=\"http:\/\/www.techspot.com\/guides\/buying-laptop\/\" target=\"_blank\">http:\/\/www.techspot.com\/guides\/buying-laptop\/<\/a><\/li>\n<\/ul>\n","protected":false},"excerpt":{"rendered":"<p>Chaque syst\u00e8me offre des avantages: le laptop est bien sur plus compact et s&#8217;emm\u00e8ne partout. Il est de nos jours presque aussi puissant qu&#8217;un PC de bureau. Le PC de bureau offre encore des avantages surtout au niveau des upgrades &hellip; <a href=\"https:\/\/pcserviceathome.org\/?page_id=41\">Continue reading <span class=\"meta-nav\">&rarr;<\/span><\/a><\/p>\n","protected":false},"author":1,"featured_media":0,"parent":6,"menu_order":0,"comment_status":"open","ping_status":"open","template":"","meta":{"footnotes":""},"_links":{"self":[{"href":"https:\/\/pcserviceathome.org\/index.php?rest_route=\/wp\/v2\/pages\/41"}],"collection":[{"href":"https:\/\/pcserviceathome.org\/index.php?rest_route=\/wp\/v2\/pages"}],"about":[{"href":"https:\/\/pcserviceathome.org\/index.php?rest_route=\/wp\/v2\/types\/page"}],"author":[{"embeddable":true,"href":"https:\/\/pcserviceathome.org\/index.php?rest_route=\/wp\/v2\/users\/1"}],"replies":[{"embeddable":true,"href":"https:\/\/pcserviceathome.org\/index.php?rest_route=%2Fwp%2Fv2%2Fcomments&post=41"}],"version-history":[{"count":3,"href":"https:\/\/pcserviceathome.org\/index.php?rest_route=\/wp\/v2\/pages\/41\/revisions"}],"predecessor-version":[{"id":318,"href":"https:\/\/pcserviceathome.org\/index.php?rest_route=\/wp\/v2\/pages\/41\/revisions\/318"}],"up":[{"embeddable":true,"href":"https:\/\/pcserviceathome.org\/index.php?rest_route=\/wp\/v2\/pages\/6"}],"wp:attachment":[{"href":"https:\/\/pcserviceathome.org\/index.php?rest_route=%2Fwp%2Fv2%2Fmedia&parent=41"}],"curies":[{"name":"wp","href":"https:\/\/api.w.org\/{rel}","templated":true}]}}