{"id":6,"date":"2012-02-26T10:10:12","date_gmt":"2012-02-26T09:10:12","guid":{"rendered":"http:\/\/localhost\/Wordpress\/?page_id=5"},"modified":"2013-01-13T22:52:10","modified_gmt":"2013-01-13T21:52:10","slug":"consultance","status":"publish","type":"page","link":"https:\/\/pcserviceathome.org\/?page_id=6","title":{"rendered":"Consultance"},"content":{"rendered":"<h6><span style=\"color: #333333;\">Vous le savez, l\u2019informatique \u00e9volue \u00e0 toute vitesse.<\/span><\/h6>\n<h6><span style=\"color: #333333;\">Pour faire le bon achat, il faut connaitre les \u00e9volutions et les tendances du march\u00e9.<\/span><\/h6>\n<ul>\n<li>\n<h6><span style=\"color: #333333;\">Internet:\u00a0Quid du pack internet ? Quid de la mobilit\u00e9 internet ? Des solutions parfois tr\u00e8s simples sont \u00e0 port\u00e9es de la main. A l&#8217;heure actuelle, Belgacom et Proximus semble offrir un bon rapport entre la qualit\u00e9 et le prix: un argument de poids est le nouveau r\u00e9seau <\/span><span style=\"color: #ff00ff;\"><span style=\"color: #ff00ff;\"><a title=\"Plus d'info \u00e0 propos de Fon sur le site de Belgacom\" href=\"http:\/\/www.belgacom.be\/onetelco\/be-fr\/catalogue-topic\/t_free_hotspots_res.page\" target=\"_blank\">FON<\/a><\/span><\/span><span style=\"color: #333333;\">\u00a0qu&#8217;ils viennent de mettre en oeuvre. Je traite de cela dans une <\/span><span style=\"color: #ff00ff;\"><a title=\"Le r\u00e9seau FON de Belgacom\" href=\"http:\/\/pcserviceathome.org\/?page_id=323\" target=\"_blank\"><span style=\"color: #ff00ff;\">page sp\u00e9cifique<\/span><\/a><\/span><span style=\"color: #333333;\">. Ce r\u00e9seau pr\u00e9sente un grand int\u00e9r\u00eat pour les nomades que nous sommes (ou que nous devenons).<\/span><\/h6>\n<\/li>\n<li>\n<h6><span style=\"color: #333333;\">Tester votre bande passante (vitesse) sur internet:\u00a0<a title=\"Tester votre vitesse (download et upload)\" href=\"http:\/\/www.speedtest.net\/?s=821\" target=\"_blank\">http:\/\/www.speedtest.net\/?s=821<\/a><\/span><\/h6>\n<\/li>\n<\/ul>\n<h6><span style=\"color: #333333;\"><a href=\"http:\/\/pcserviceathome.org\/wp-content\/uploads\/2012\/02\/consulting1.jpg\"><span style=\"color: #333333;\"><img loading=\"lazy\" decoding=\"async\" class=\"alignnone size-medium wp-image-264\" title=\"consulting\" src=\"http:\/\/pcserviceathome.org\/wp-content\/uploads\/2012\/02\/consulting1-300x204.jpg\" alt=\"\" width=\"300\" height=\"204\" srcset=\"https:\/\/pcserviceathome.org\/wp-content\/uploads\/2012\/02\/consulting1-300x204.jpg 300w, https:\/\/pcserviceathome.org\/wp-content\/uploads\/2012\/02\/consulting1.jpg 420w\" sizes=\"(max-width: 300px) 100vw, 300px\" \/><\/span><\/a><\/span><\/h6>\n<ul>\n<li>\n<h6><span style=\"color: #333333;\">T\u00e9l\u00e9phonie: Skype offre aussi des solutions tr\u00e8s int\u00e9ressantes pour appeler \u00e0 peu de frais vers des lignes fixes.<\/span><\/h6>\n<\/li>\n<li>\n<h6><span style=\"color: #333333;\">Votre nouvel ordinateur:\u00a0<\/span><a title=\"Laptop ou Desktop ?\" href=\"http:\/\/pcserviceathome.org\/?page_id=41\"><span style=\"color: #333333;\">Un portable ou un pc de bureau ?<\/span><\/a><span style=\"color: #333333;\"> Le choix n&#8217;est pas simple devant l&#8217;offre\u00a0pl\u00e9thorique\u00a0et souvent in\u00e9gale.<\/span><\/h6>\n<\/li>\n<li>\n<h6><span style=\"color: #333333;\">Le choix d\u2019un portable est d\u00e9licat : quelle taille d\u2019\u00e9cran, quel processeur, <\/span><span style=\"color: #ff0000;\"><a title=\"A propos du support de stockage SSD\" href=\"http:\/\/pcserviceathome.org\/?page_id=312\"><span style=\"color: #ff0000;\">quel disque dur<\/span><\/a><\/span><span style=\"color: #333333;\"> \u00a0?\u00a0Et la connectique ? Autant de points d\u2019interrogations pour lesquels je peux apporter des r\u00e9ponses concr\u00e8tes.<\/span><\/h6>\n<\/li>\n<\/ul>\n","protected":false},"excerpt":{"rendered":"<p>Vous le savez, l\u2019informatique \u00e9volue \u00e0 toute vitesse. Pour faire le bon achat, il faut connaitre les \u00e9volutions et les tendances du march\u00e9. Internet:\u00a0Quid du pack internet ? Quid de la mobilit\u00e9 internet ? Des solutions parfois tr\u00e8s simples sont &hellip; <a href=\"https:\/\/pcserviceathome.org\/?page_id=6\">Continue reading <span class=\"meta-nav\">&rarr;<\/span><\/a><\/p>\n","protected":false},"author":1,"featured_media":0,"parent":0,"menu_order":0,"comment_status":"open","ping_status":"open","template":"","meta":{"footnotes":""},"_links":{"self":[{"href":"https:\/\/pcserviceathome.org\/index.php?rest_route=\/wp\/v2\/pages\/6"}],"collection":[{"href":"https:\/\/pcserviceathome.org\/index.php?rest_route=\/wp\/v2\/pages"}],"about":[{"href":"https:\/\/pcserviceathome.org\/index.php?rest_route=\/wp\/v2\/types\/page"}],"author":[{"embeddable":true,"href":"https:\/\/pcserviceathome.org\/index.php?rest_route=\/wp\/v2\/users\/1"}],"replies":[{"embeddable":true,"href":"https:\/\/pcserviceathome.org\/index.php?rest_route=%2Fwp%2Fv2%2Fcomments&post=6"}],"version-history":[{"count":30,"href":"https:\/\/pcserviceathome.org\/index.php?rest_route=\/wp\/v2\/pages\/6\/revisions"}],"predecessor-version":[{"id":262,"href":"https:\/\/pcserviceathome.org\/index.php?rest_route=\/wp\/v2\/pages\/6\/revisions\/262"}],"wp:attachment":[{"href":"https:\/\/pcserviceathome.org\/index.php?rest_route=%2Fwp%2Fv2%2Fmedia&parent=6"}],"curies":[{"name":"wp","href":"https:\/\/api.w.org\/{rel}","templated":true}]}}