{"id":60,"date":"2012-02-26T18:00:13","date_gmt":"2012-02-26T17:00:13","guid":{"rendered":"http:\/\/localhost\/Wordpress\/?page_id=60"},"modified":"2012-02-26T18:00:13","modified_gmt":"2012-02-26T17:00:13","slug":"gerez-vos-reseaux-sans-fil","status":"publish","type":"page","link":"https:\/\/pcserviceathome.org\/?page_id=60","title":{"rendered":"G\u00e9rez vos r\u00e9seaux sans fil"},"content":{"rendered":"<p>Les r\u00e9seaux wifi \u00e0 port\u00e9e de vous sont affich\u00e9s dans la zone d&#8217;activit\u00e9, et vos r\u00e9seaux pr\u00e9f\u00e9r\u00e9s sont list\u00e9s dans le Panneau de configuration.<br \/>\nWindows 7 int\u00e8gre son propre gestionnaire de connexions wifi. Il appara\u00eet dans la zone d&#8217;activit\u00e9, pr\u00e8s de l&#8217;horloge, avec une ic\u00f4ne \u00e0 cinq barres. Faites un clic gauche dessus pour afficher la liste des points d&#8217;acc\u00e8s d\u00e9tect\u00e9s par votre carte wifi.<br \/>\nPour rafra\u00eechir la liste, cliquez sur les deux fl\u00e8ches en haut de la fen\u00eatre. Cliquez sur un r\u00e9seau pour vous y connecter. Cliquez sur Ouvrir le Centre R\u00e9seau et partage puis, dans la colonne de gauche, sur G\u00e9rer les r\u00e9seaux sans fil. Vous voyez ici la liste des r\u00e9seaux wifi auxquels vous avez d\u00e9j\u00e0 \u00e9t\u00e9 connect\u00e9 au moins une fois. Vous pouvez les supprimer si vous ne les utilisez plus, les renommer, les descendre ou les monter dans l&#8217;ordre de pr\u00e9f\u00e9rence de la liste, et faire un clic droit dessus pour d\u00e9finir les conditions de connexion (automatique, s\u00e9curis\u00e9e, etc.).<\/p>\n<p>Connexion automatique ou manuelle?<br \/>\nDans G\u00e9rer les r\u00e9seaux sans fil, faites un clic droit sur un r\u00e9seau wifi et s\u00e9lectionnez Propri\u00e9t\u00e9s. Pour vous connecter manuellement au r\u00e9seau de votre choix, d\u00e9cochez la case &#8220;Me connecter automatiquement lorsque ce r\u00e9seau est \u00e0 port\u00e9e.<\/p>\n<address>Lecture int\u00e9ressante en anglais:\u00a0\u00a0<a href=\"http:\/\/ask-leo.com\/how_do_i_use_an_open_wifi_hotspot_safely.html\" target=\"_blank\">http:\/\/ask-leo.com\/how_do_i_use_an_open_wifi_hotspot_safely.html<\/a><\/address>\n<address>\u00a0<\/address>\n<p>&nbsp;<\/p>\n","protected":false},"excerpt":{"rendered":"<p>Les r\u00e9seaux wifi \u00e0 port\u00e9e de vous sont affich\u00e9s dans la zone d&#8217;activit\u00e9, et vos r\u00e9seaux pr\u00e9f\u00e9r\u00e9s sont list\u00e9s dans le Panneau de configuration. Windows 7 int\u00e8gre son propre gestionnaire de connexions wifi. Il appara\u00eet dans la zone d&#8217;activit\u00e9, pr\u00e8s &hellip; <a href=\"https:\/\/pcserviceathome.org\/?page_id=60\">Continue reading <span class=\"meta-nav\">&rarr;<\/span><\/a><\/p>\n","protected":false},"author":1,"featured_media":0,"parent":62,"menu_order":0,"comment_status":"open","ping_status":"open","template":"","meta":{"footnotes":""},"_links":{"self":[{"href":"https:\/\/pcserviceathome.org\/index.php?rest_route=\/wp\/v2\/pages\/60"}],"collection":[{"href":"https:\/\/pcserviceathome.org\/index.php?rest_route=\/wp\/v2\/pages"}],"about":[{"href":"https:\/\/pcserviceathome.org\/index.php?rest_route=\/wp\/v2\/types\/page"}],"author":[{"embeddable":true,"href":"https:\/\/pcserviceathome.org\/index.php?rest_route=\/wp\/v2\/users\/1"}],"replies":[{"embeddable":true,"href":"https:\/\/pcserviceathome.org\/index.php?rest_route=%2Fwp%2Fv2%2Fcomments&post=60"}],"version-history":[{"count":0,"href":"https:\/\/pcserviceathome.org\/index.php?rest_route=\/wp\/v2\/pages\/60\/revisions"}],"up":[{"embeddable":true,"href":"https:\/\/pcserviceathome.org\/index.php?rest_route=\/wp\/v2\/pages\/62"}],"wp:attachment":[{"href":"https:\/\/pcserviceathome.org\/index.php?rest_route=%2Fwp%2Fv2%2Fmedia&parent=60"}],"curies":[{"name":"wp","href":"https:\/\/api.w.org\/{rel}","templated":true}]}}