{"id":62,"date":"2012-02-26T18:01:34","date_gmt":"2012-02-26T17:01:34","guid":{"rendered":"http:\/\/localhost\/Wordpress\/?page_id=62"},"modified":"2012-03-29T16:33:49","modified_gmt":"2012-03-29T15:33:49","slug":"lecture","status":"publish","type":"page","link":"https:\/\/pcserviceathome.org\/?page_id=62","title":{"rendered":"Lecture"},"content":{"rendered":"<address><em><a title=\"G\u00e9rez vos r\u00e9seaux sans fil\" href=\"http:\/\/pcserviceathome.org\/?page_id=60\">G\u00e9rez vos r\u00e9seaux sans fil<\/a><\/em><\/address>\n<address><em><a title=\"Comment faire le \u201cGlisser \u2013 d\u00e9placer\u201d ?\" href=\"http:\/\/pcserviceathome.org\/?page_id=73\">Comment faire le &#8220;Glisser &#8211; d\u00e9placer&#8221; ?<\/a><\/em><\/address>\n<address><em><a title=\"Faites aussi tourner vos vieux logiciels sous Windows 7\" href=\"http:\/\/pcserviceathome.org\/?page_id=68\">Faites aussi tourner vos vieux logiciels sous Windows 7<\/a><\/em><\/address>\n<address><em><a title=\"Zone de notification am\u00e9lior\u00e9e\" href=\"http:\/\/pcserviceathome.org\/?page_id=80\">Zone de notification am\u00e9lior\u00e9e\u00a0<\/a><\/em><\/address>\n<address>Voir aussi les articles relatifs aux produits antivirus, les Suites &#8220;Office&#8221; dans la section <a title=\"Le meilleur du logiciel gratuit \u2013 Freeware\" href=\"http:\/\/pcserviceathome.org\/?page_id=95\">Logiciel gratuits (Freeware)<\/a><\/address>\n","protected":false},"excerpt":{"rendered":"<p>G\u00e9rez vos r\u00e9seaux sans fil Comment faire le &#8220;Glisser &#8211; d\u00e9placer&#8221; ? Faites aussi tourner vos vieux logiciels sous Windows 7 Zone de notification am\u00e9lior\u00e9e\u00a0 Voir aussi les articles relatifs aux produits antivirus, les Suites &#8220;Office&#8221; dans la section Logiciel &hellip; <a href=\"https:\/\/pcserviceathome.org\/?page_id=62\">Continue reading <span class=\"meta-nav\">&rarr;<\/span><\/a><\/p>\n","protected":false},"author":1,"featured_media":0,"parent":0,"menu_order":0,"comment_status":"open","ping_status":"open","template":"","meta":{"footnotes":""},"_links":{"self":[{"href":"https:\/\/pcserviceathome.org\/index.php?rest_route=\/wp\/v2\/pages\/62"}],"collection":[{"href":"https:\/\/pcserviceathome.org\/index.php?rest_route=\/wp\/v2\/pages"}],"about":[{"href":"https:\/\/pcserviceathome.org\/index.php?rest_route=\/wp\/v2\/types\/page"}],"author":[{"embeddable":true,"href":"https:\/\/pcserviceathome.org\/index.php?rest_route=\/wp\/v2\/users\/1"}],"replies":[{"embeddable":true,"href":"https:\/\/pcserviceathome.org\/index.php?rest_route=%2Fwp%2Fv2%2Fcomments&post=62"}],"version-history":[{"count":5,"href":"https:\/\/pcserviceathome.org\/index.php?rest_route=\/wp\/v2\/pages\/62\/revisions"}],"predecessor-version":[{"id":321,"href":"https:\/\/pcserviceathome.org\/index.php?rest_route=\/wp\/v2\/pages\/62\/revisions\/321"}],"wp:attachment":[{"href":"https:\/\/pcserviceathome.org\/index.php?rest_route=%2Fwp%2Fv2%2Fmedia&parent=62"}],"curies":[{"name":"wp","href":"https:\/\/api.w.org\/{rel}","templated":true}]}}