{"id":68,"date":"2012-02-26T18:19:49","date_gmt":"2012-02-26T17:19:49","guid":{"rendered":"http:\/\/localhost\/Wordpress\/?page_id=68"},"modified":"2019-02-28T13:39:15","modified_gmt":"2019-02-28T12:39:15","slug":"faites-aussi-tourner-vos-vieux-logiciels-sous-windows-7","status":"publish","type":"page","link":"https:\/\/pcserviceathome.org\/?page_id=68","title":{"rendered":"Vos vieux logiciels aussi sous Windows 7"},"content":{"rendered":"<p>Faites aussi tourner vos vieux logiciels sous Windows 7<\/p>\n<p>Comment installer sous Windows 7 un jeu ou un logiciel ancien dont vous avez besoin pour r\u00e9cup\u00e9rer des fichiers?<\/p>\n<p>1. Essayez d&#8217;abord le mode de compatibilit\u00e9. Faites un clic droit sur le fichier ex\u00e9cutable du logiciel et s\u00e9lectionnez Propri\u00e9t\u00e9s, onglet Compatibilit\u00e9. Choisissez le syst\u00e8me \u00e0 simuler et cochez les options utiles (nombre de couleur, taille d&#8217;\u00e9cran&#8230;).\u00a0<a href=\"http:\/\/localhost\/Wordpress\/wp-content\/uploads\/2012\/02\/FileMaker-Pro-Advanced-Properties.jpg\"><img loading=\"lazy\" decoding=\"async\" title=\"FileMaker Pro Advanced Properties\" src=\"http:\/\/localhost\/Wordpress\/wp-content\/uploads\/2012\/02\/FileMaker-Pro-Advanced-Properties.jpg\" alt=\"\" width=\"377\" height=\"533\" \/><\/a><\/p>\n<p>2. Si vous poss\u00e9dez encore Le CD d&#8217;installation de l&#8217;ancienne version de Windows, installez Virtual PC \u00a0(le lien pour le t\u00e9l\u00e9charger se trouve\u00a0<a title=\"Lien pour t\u00e9l\u00e9charger le Virtual PC de Microsoft pour Windows 7\" href=\"http:\/\/www.microsoft.com\/downloads\/fr-fr\/details.aspx?FamilyID=04d26402-3199-48a3-afa2-2dc0b40a73b6\" target=\"_blank\">ICI<\/a>\u00a0)et cr\u00e9ez un ordinateur virtuel exploitant ce syst\u00e8me : il ne reste plus qu&#8217;\u00e0 installer le logiciel dans son\u00a0environnement natif. \u00c0 r\u00e9server aux grosses configurations mat\u00e9rielles.<\/p>\n<p>3. Si vous avez une version Entreprise, Professionnel ou Int\u00e9grale de 7, profitez du \u00abmode XP\u00bb : il s&#8217;agit d&#8217;une version virtuelle de Windows XP SP3, utilisable avec Windows Virtual PC, \u00a0la version de Virtual PC adapt\u00e9e \u00e0 Windows 7. Les deux \u00e9l\u00e9ments gratuits sont t\u00e9l\u00e9chargeables \u00a0<a title=\"Pour t\u00e9l\u00e9charger Virtual PC et la version virtuelle de XP (SP3)\" href=\"http:\/\/www.microsoft.com\/france\/windows\/entreprise\/produits\/virtual-pc\/default.aspx\" target=\"_blank\">ICI<\/a>\u00a0.<\/p>\n<p><img loading=\"lazy\" decoding=\"async\" title=\"Windows XP Mode - Windows Virtual PC\" src=\"http:\/\/localhost\/Wordpress\/wp-content\/uploads\/2012\/02\/Windows-XP-Mode-Windows-Virtual-PC.jpg\" alt=\"\" width=\"826\" height=\"497\" \/><\/p>\n<pre>Source: le Magazine officiel de Windows - \u00e9dition de Novembre 2011.<\/pre>\n<p>Notes\u00a0additionnelle: \u00a0il existe encore d&#8217;autres possibilit\u00e9s tels VMWARE ou Virtual Box.\u00a0Quelques informations \u00e0 propos de VirtualBox de Oracle:<\/p>\n<p><strong>Description:\u00a0<\/strong>La VirtualBox d&#8217;Oracle constitue un outil de virtualisation puissant, gratuit et Open Source (le code est donc modifiable). Cependant il n&#8217;est pas toujours facile \u00e0 mettre en oeuvre.<\/p>\n<p><strong>Pour<\/strong><\/p>\n<ol>\n<li>Gratuit.<\/li>\n<li>Permet de faire tourner Linux, Windows (95, 98, ME, XP, Vista) et OS X.<\/li>\n<li>Bonne performance d&#8217;ex\u00e9cution.<\/li>\n<\/ol>\n<p><strong>Contre<\/strong><\/p>\n<ol>\n<li>Pas de glisser\/d\u00e9placer possible entre les machine virtuelle et son h\u00f4te.<\/li>\n<li>Les imprimantes du pc h\u00f4te ne sont pas directement support\u00e9es.<\/li>\n<li>Les dossiers partag\u00e9s sont compliqu\u00e9s \u00e0 configurer.<\/li>\n<li>Les cartes r\u00e9seau \u00e9mul\u00e9es ne sont pas support\u00e9es nativement sous Windows XP.<\/li>\n<\/ol>\n<p>T\u00e9l\u00e9charger la Virtualbox de Oracle (produit gratuit):\u00a0<a title=\"T\u00e9l\u00e9charger sur ZDNET la Virtualbox pour Windows en fran\u00e7ais\" href=\"http:\/\/www.zdnet.fr\/telecharger\/logiciel\/virtualbox-pour-windows-39254822s.htm\" target=\"_blank\">ICI<\/a><\/p>\n","protected":false},"excerpt":{"rendered":"<p>Faites aussi tourner vos vieux logiciels sous Windows 7 Comment installer sous Windows 7 un jeu ou un logiciel ancien dont vous avez besoin pour r\u00e9cup\u00e9rer des fichiers? 1. Essayez d&#8217;abord le mode de compatibilit\u00e9. Faites un clic droit sur &hellip; <a href=\"https:\/\/pcserviceathome.org\/?page_id=68\">Continue reading <span class=\"meta-nav\">&rarr;<\/span><\/a><\/p>\n","protected":false},"author":1,"featured_media":0,"parent":62,"menu_order":0,"comment_status":"open","ping_status":"open","template":"","meta":{"footnotes":""},"_links":{"self":[{"href":"https:\/\/pcserviceathome.org\/index.php?rest_route=\/wp\/v2\/pages\/68"}],"collection":[{"href":"https:\/\/pcserviceathome.org\/index.php?rest_route=\/wp\/v2\/pages"}],"about":[{"href":"https:\/\/pcserviceathome.org\/index.php?rest_route=\/wp\/v2\/types\/page"}],"author":[{"embeddable":true,"href":"https:\/\/pcserviceathome.org\/index.php?rest_route=\/wp\/v2\/users\/1"}],"replies":[{"embeddable":true,"href":"https:\/\/pcserviceathome.org\/index.php?rest_route=%2Fwp%2Fv2%2Fcomments&post=68"}],"version-history":[{"count":5,"href":"https:\/\/pcserviceathome.org\/index.php?rest_route=\/wp\/v2\/pages\/68\/revisions"}],"predecessor-version":[{"id":249,"href":"https:\/\/pcserviceathome.org\/index.php?rest_route=\/wp\/v2\/pages\/68\/revisions\/249"}],"up":[{"embeddable":true,"href":"https:\/\/pcserviceathome.org\/index.php?rest_route=\/wp\/v2\/pages\/62"}],"wp:attachment":[{"href":"https:\/\/pcserviceathome.org\/index.php?rest_route=%2Fwp%2Fv2%2Fmedia&parent=68"}],"curies":[{"name":"wp","href":"https:\/\/api.w.org\/{rel}","templated":true}]}}