{"id":73,"date":"2012-02-26T18:32:20","date_gmt":"2012-02-26T17:32:20","guid":{"rendered":"http:\/\/localhost\/Wordpress\/?page_id=73"},"modified":"2012-02-26T18:32:20","modified_gmt":"2012-02-26T17:32:20","slug":"comment-faire-le-glisser-deplacer","status":"publish","type":"page","link":"https:\/\/pcserviceathome.org\/?page_id=73","title":{"rendered":"Comment faire le &#8220;Glisser &#8211; d\u00e9placer&#8221; ?"},"content":{"rendered":"<p>Glisser et d\u00e9poser un fichier dans un dossier: rien de plus simple! En \u00eates-vous bien s\u00fbr?<br \/>\nVous glissez un fichier d&#8217;un dossier vers un autre dossier: est-t-il copi\u00e9 ou d\u00e9plac\u00e9? C&#8217;est simple: si les deux dossiers sont sur le m\u00eame lecteur (disque dur, cl\u00e9 USB), les \u00e9l\u00e9ments sont d\u00e9plac\u00e9s.<\/p>\n<p>En revanche, si les dossiers sont sur deux lecteurs diff\u00e9rents, les \u00e9l\u00e9ments sont copi\u00e9s dans le dossier de destination, et le fichier d&#8217;origine est conserv\u00e9 dans le dossier source. Mais en accompagnant le clic de la souris avec une touche du clavier, vous changez l&#8217;action par d\u00e9faut.<\/p>\n<p><a href=\"http:\/\/localhost\/Wordpress\/wp-content\/uploads\/2012\/02\/glisser-deplacer.jpg\"><img loading=\"lazy\" decoding=\"async\" class=\"aligncenter size-full wp-image-75\" title=\"glisser deplacer\" src=\"http:\/\/localhost\/Wordpress\/wp-content\/uploads\/2012\/02\/glisser-deplacer.jpg\" alt=\"\" width=\"487\" height=\"355\" \/><\/a><\/p>\n<p>Pour d\u00e9placer un fichier vers un autre lecteur, sans garder de copie sur le lecteur source, glissez-le en tenant enfonc\u00e9e la touche <strong>Maj.<\/strong><\/p>\n<p>\u00c0 l&#8217;inverse, pour copier un fichier d&#8217;un dossier \u00e0 l&#8217;autre sur le m\u00eame lecteur, tenez la touche <strong>Ctrl<\/strong> en d\u00e9pla\u00e7ant l&#8217;\u00e9l\u00e9ment.<\/p>\n<p>D\u00e9placez un fichier vers la Corbeille en appuyant sur Mai il est supprim\u00e9 d\u00e9finitivement, sans rester dans la Corbeille. Windows affiche d&#8217;ailleurs une petite bulle de mise en garde: attention \u00e0 la suppression !<\/p>\n<p><span style=\"text-decoration: underline;\"><strong>L&#8217;avantage du clic droit<\/strong><\/span><br \/>\nFaites glisser un fichier ou un dossier en utilisant le bouton droit de la souris : lorsque vous rel\u00e2chez te clic, un menu vous propose de d\u00e9placer ou de copier le fichier, quel que soit l&#8217;emplacement des dossiers source et destination.<\/p>\n<p><a href=\"http:\/\/localhost\/Wordpress\/wp-content\/uploads\/2012\/02\/glisser-deplacer-right-click.jpg\"><img loading=\"lazy\" decoding=\"async\" class=\"aligncenter size-full wp-image-74\" title=\"glisser deplacer-right click\" src=\"http:\/\/localhost\/Wordpress\/wp-content\/uploads\/2012\/02\/glisser-deplacer-right-click.jpg\" alt=\"\" width=\"204\" height=\"124\" \/><\/a><\/p>\n","protected":false},"excerpt":{"rendered":"<p>Glisser et d\u00e9poser un fichier dans un dossier: rien de plus simple! En \u00eates-vous bien s\u00fbr? Vous glissez un fichier d&#8217;un dossier vers un autre dossier: est-t-il copi\u00e9 ou d\u00e9plac\u00e9? C&#8217;est simple: si les deux dossiers sont sur le m\u00eame &hellip; <a href=\"https:\/\/pcserviceathome.org\/?page_id=73\">Continue reading <span class=\"meta-nav\">&rarr;<\/span><\/a><\/p>\n","protected":false},"author":1,"featured_media":0,"parent":62,"menu_order":0,"comment_status":"open","ping_status":"open","template":"","meta":{"footnotes":""},"_links":{"self":[{"href":"https:\/\/pcserviceathome.org\/index.php?rest_route=\/wp\/v2\/pages\/73"}],"collection":[{"href":"https:\/\/pcserviceathome.org\/index.php?rest_route=\/wp\/v2\/pages"}],"about":[{"href":"https:\/\/pcserviceathome.org\/index.php?rest_route=\/wp\/v2\/types\/page"}],"author":[{"embeddable":true,"href":"https:\/\/pcserviceathome.org\/index.php?rest_route=\/wp\/v2\/users\/1"}],"replies":[{"embeddable":true,"href":"https:\/\/pcserviceathome.org\/index.php?rest_route=%2Fwp%2Fv2%2Fcomments&post=73"}],"version-history":[{"count":0,"href":"https:\/\/pcserviceathome.org\/index.php?rest_route=\/wp\/v2\/pages\/73\/revisions"}],"up":[{"embeddable":true,"href":"https:\/\/pcserviceathome.org\/index.php?rest_route=\/wp\/v2\/pages\/62"}],"wp:attachment":[{"href":"https:\/\/pcserviceathome.org\/index.php?rest_route=%2Fwp%2Fv2%2Fmedia&parent=73"}],"curies":[{"name":"wp","href":"https:\/\/api.w.org\/{rel}","templated":true}]}}