{"id":80,"date":"2012-02-26T18:52:22","date_gmt":"2012-02-26T17:52:22","guid":{"rendered":"http:\/\/localhost\/Wordpress\/?page_id=80"},"modified":"2012-02-26T18:52:22","modified_gmt":"2012-02-26T17:52:22","slug":"80-2","status":"publish","type":"page","link":"https:\/\/pcserviceathome.org\/?page_id=80","title":{"rendered":"Zone de notification am\u00e9lior\u00e9e"},"content":{"rendered":"<p><em>Vous laissez probablement Windows 7 s&#8217;occuper de la gestion des notifications (en bas \u00e0 droite de l&#8217;\u00e9cran). Et si vous optimisiez son fonctionnement?<\/em><\/p>\n<p>1 En temps normal, les ic\u00f4nes n&#8217;apparaissent dans la zone de notification que lorsqu&#8217;elles cherchent \u00e0 attirer votre attention (sur une alerte, un probl\u00e8me, un message, etc). En cliquant sur la petite fl\u00e8che qui pointe vers le haut, vous acc\u00e9dez aux param\u00e8tres de cette zone.<\/p>\n<p><a href=\"http:\/\/localhost\/Wordpress\/wp-content\/uploads\/2012\/02\/Notification-area-_1.jpg\"><img loading=\"lazy\" decoding=\"async\" class=\"aligncenter size-full wp-image-82\" title=\"Notification area _1\" src=\"http:\/\/localhost\/Wordpress\/wp-content\/uploads\/2012\/02\/Notification-area-_1.jpg\" alt=\"\" width=\"130\" height=\"169\" \/><\/a><br \/>\n2 Cliquez sur la zone <strong>Personnaliser (Customize)<\/strong>. Vous obtenez la liste des ic\u00f4nes et des notifications, et vous \u00eates libre de choisir le comportement chacune d&#8217;elles. Ily a pourtant plus simple&#8230;<\/p>\n<p><a href=\"http:\/\/localhost\/Wordpress\/wp-content\/uploads\/2012\/02\/Notification-area-_2.jpg\"><img loading=\"lazy\" decoding=\"async\" class=\"aligncenter size-full wp-image-83\" title=\"Notification area _2\" src=\"http:\/\/localhost\/Wordpress\/wp-content\/uploads\/2012\/02\/Notification-area-_2.jpg\" alt=\"\" width=\"912\" height=\"527\" \/><\/a><br \/>\nCliquez sur <strong>Annuler<\/strong> afin de fermer la fen\u00eatre.<br \/>\n3 Cliquez une fois encore sur la fl\u00e8che verste haut. L\u00e0, vous pouvez cliquer sur une ic\u00f4ne dans la barre des t\u00e2ches, maintenir la pression et la d\u00e9placer vers la fen\u00eatre : elle dispara\u00eet de la zone de notification. Vous pouvez aussi effectuer la manoeuvre inverse, c&#8217;est-\u00e0-dire d\u00e9placer les ic\u00f4nes de la fen\u00eatre vers la barre des t\u00e2ches.<\/p>\n","protected":false},"excerpt":{"rendered":"<p>Vous laissez probablement Windows 7 s&#8217;occuper de la gestion des notifications (en bas \u00e0 droite de l&#8217;\u00e9cran). Et si vous optimisiez son fonctionnement? 1 En temps normal, les ic\u00f4nes n&#8217;apparaissent dans la zone de notification que lorsqu&#8217;elles cherchent \u00e0 attirer &hellip; <a href=\"https:\/\/pcserviceathome.org\/?page_id=80\">Continue reading <span class=\"meta-nav\">&rarr;<\/span><\/a><\/p>\n","protected":false},"author":1,"featured_media":0,"parent":62,"menu_order":0,"comment_status":"open","ping_status":"open","template":"","meta":{"footnotes":""},"_links":{"self":[{"href":"https:\/\/pcserviceathome.org\/index.php?rest_route=\/wp\/v2\/pages\/80"}],"collection":[{"href":"https:\/\/pcserviceathome.org\/index.php?rest_route=\/wp\/v2\/pages"}],"about":[{"href":"https:\/\/pcserviceathome.org\/index.php?rest_route=\/wp\/v2\/types\/page"}],"author":[{"embeddable":true,"href":"https:\/\/pcserviceathome.org\/index.php?rest_route=\/wp\/v2\/users\/1"}],"replies":[{"embeddable":true,"href":"https:\/\/pcserviceathome.org\/index.php?rest_route=%2Fwp%2Fv2%2Fcomments&post=80"}],"version-history":[{"count":0,"href":"https:\/\/pcserviceathome.org\/index.php?rest_route=\/wp\/v2\/pages\/80\/revisions"}],"up":[{"embeddable":true,"href":"https:\/\/pcserviceathome.org\/index.php?rest_route=\/wp\/v2\/pages\/62"}],"wp:attachment":[{"href":"https:\/\/pcserviceathome.org\/index.php?rest_route=%2Fwp%2Fv2%2Fmedia&parent=80"}],"curies":[{"name":"wp","href":"https:\/\/api.w.org\/{rel}","templated":true}]}}